{"id":130,"date":"2026-03-03T11:24:23","date_gmt":"2026-03-03T11:24:23","guid":{"rendered":"https:\/\/www.prestigeresort.al\/?page_id=130"},"modified":"2026-03-03T11:27:03","modified_gmt":"2026-03-03T11:27:03","slug":"policies","status":"publish","type":"page","link":"https:\/\/www.prestigeresort.al\/sq\/policies\/","title":{"rendered":"Politikat"},"content":{"rendered":"<p><strong>TERMAT DHE KUSHTE T\u00cb P\u00cbRGJITHSHME<\/strong><\/p>\n<p><strong>POLITIKA E REZERVIMEVE:<\/strong><\/p>\n<p>F\u00ebmij\u00ebt:<br \/>\nHoteli lejon nj\u00eb f\u00ebmij\u00eb deri n\u00eb 6 vje\u00e7 t\u00eb q\u00ebndrojn\u00eb falas duke p\u00ebrdorur shtratin ekzistues. Krevatet e foshnjave jan\u00eb falas me k\u00ebrkes\u00eb dhe n\u00eb var\u00ebsi t\u00eb disponueshm\u00ebris\u00eb. Individ\u00ebt mbi mosh\u00ebn 12 vje\u00e7 konsiderohen t\u00eb rritur nga Hoteli.<\/p>\n<p>Shtrat shtes\u00eb:<br \/>\nP\u00ebr dhomat dyshe me hap\u00ebsir\u00eb \u200b\u200bt\u00eb mjaftueshme, lejohet nj\u00eb krevat shtes\u00eb p\u00ebr nj\u00eb banor t\u00eb tret\u00eb dhe tarifohet sipas \u00e7mimit t\u00eb dhom\u00ebs treshe.<\/p>\n<p><strong>Z\u00cbNIA E DHOMAVE:<\/strong><\/p>\n<p>Numri i p\u00ebrgjithsh\u00ebm i mysafir\u00ebve n\u00eb nj\u00eb dhom\u00eb, p\u00ebrfshir\u00eb f\u00ebmij\u00ebt, nuk duhet t\u00eb kaloj\u00eb numrin maksimal t\u00eb banor\u00ebve t\u00eb lejuar p\u00ebr llojet p\u00ebrkat\u00ebse t\u00eb dhomave:<\/p>\n<p>Dhom\u00eb dyshe: deri n\u00eb 2 persona<br \/>\nDhom\u00eb Treshe: deri n\u00eb 3 persona<br \/>\nDhoma Familjare: deri n\u00eb 4 persona<br \/>\nSuit\u00eb: deri n\u00eb 4 persona<\/p>\n<p>N\u00ebse keni ndonj\u00eb pyetje ose sqarim n\u00eb lidhje me Politik\u00ebn e Okupimit Maksimal t\u00eb Hotelit, stafi yn\u00eb do t\u00eb jet\u00eb i lumtur t'ju shpjegoj\u00eb n\u00eb detaje. Ju lutemi vini re gjithashtu se Hoteli rezervon t\u00eb drejt\u00ebn t\u00eb refuzoj\u00eb hyrjen e \u00e7do mysafiri shtes\u00eb q\u00eb tejkalon kapacitetin maksimal t\u00eb lejuar p\u00ebr at\u00eb lloj dhome.<\/p>\n<p><strong>POLITIKA E CHECK-IN \/ CHECK-OUT:<\/strong><\/p>\n<p>Moshat:<br \/>\nVizitor\u00ebt duhet t\u00eb jen\u00eb 18 vje\u00e7 ose lart\u00eb me nj\u00eb dokument identifikimi me foto p\u00ebr t'u regjistruar. Vizitor\u00ebt n\u00ebn mosh\u00ebn 18 vje\u00e7 duhet t\u00eb shoq\u00ebrohen nga nj\u00eb i rritur. Hoteli rezervon t\u00eb drejt\u00ebn p\u00ebr t\u00eb kontrolluar dokumentin e identifikimit me foto.<\/p>\n<p>Check-in \/ check out :<br \/>\nN\u00ebse nuk p\u00ebrcaktohet ndryshe n\u00eb termat dhe kushtet specifike t\u00eb planit tarifor, orari i regjistrimit \u00ebsht\u00eb pas or\u00ebs 14:00 dhe orari i largimit \u00ebsht\u00eb ora 11:00. P\u00ebr mb\u00ebrritje t\u00eb hershme para or\u00ebs 14:00, rekomandohet t\u00eb rezervoni paraprakisht dhom\u00ebn nj\u00eb dit\u00eb m\u00eb par\u00eb me nj\u00eb tarif\u00eb t\u00eb plot\u00eb ditore. Hoteli mund t\u00eb akomodoj\u00eb largim t\u00eb von\u00eb pas or\u00ebs 12:00 p\u00ebr nj\u00eb tarif\u00eb shtes\u00eb; n\u00eb var\u00ebsi t\u00eb disponueshm\u00ebris\u00eb s\u00eb dhom\u00ebs.<br \/>\nFrom check out time 11:00 a.m until 04:00 p.m Fee: 50 % of the room price.<br \/>\nThe guests should return the room key\/card at the reception during the check out , if any case of lose the fee is 10\u20ac.<\/p>\n<p><strong>D\u00cbMTIME N\u00cb PRON\u00cbN E HOTELIT:<\/strong><\/p>\n<p>Hoteli rezervon t\u00eb drejt\u00ebn t'u faturoj\u00eb klient\u00ebve koston e riparimit t\u00eb d\u00ebmeve ose ndotjeve, t\u00eb shkaktuara nga veprime aksidentale, t\u00eb q\u00ebllimshme, neglizhente ose t\u00eb pamatura t\u00eb klientit n\u00eb pron\u00ebn ose struktur\u00ebn e Hotelit.<\/p>\n<p><strong>KASAFORT\u00cb:<\/strong><br \/>\nVizitor\u00ebt inkurajohen t\u00eb mbajn\u00eb sendet e tyre me vler\u00eb n\u00eb kasafort\u00ebn e dhom\u00ebs ose n\u00eb kasafort\u00ebn e vendosur n\u00eb Recepsion. Hoteli nuk do t\u00eb jet\u00eb p\u00ebrgjegj\u00ebs p\u00ebr humbjen e parave ose sendeve t\u00eb tjera personale me vler\u00eb gjat\u00eb q\u00ebndrimit tuaj.<\/p>\n<p><strong>KAFSH\u00cb SHT\u00cbPIAKE:<\/strong><br \/>\nHoteli mban nj\u00eb politik\u00eb t\u00eb rrept\u00eb kund\u00ebr kafsh\u00ebve sht\u00ebpiake n\u00eb ambientet e tij, p\u00ebrve\u00e7 qenve udh\u00ebrr\u00ebfyes.<\/p>\n<p><strong>PROHIBITED ITEMS :<\/strong><\/p>\n<p>Artikujt e m\u00ebposht\u00ebm nuk lejohen n\u00eb ambientet e hotelit:<br \/>\n\u2022 Kafsh\u00eb t\u00eb \u00e7do lloji, p\u00ebrve\u00e7 qenve udh\u00ebrr\u00ebfyes<br \/>\n\u2022 Materiale t\u00eb ndezshme, shp\u00ebrthyese ose ndryshe t\u00eb rrezikshme<br \/>\n\u2022 Objekte q\u00eb l\u00ebshojn\u00eb er\u00eb t\u00eb keqe<br \/>\n\u2022 Arm\u00eb zjarri t\u00eb paregjistruara ose arm\u00eb t\u00eb tjera<br \/>\n\u2022 Objekte me p\u00ebrmasa jasht\u00ebzakonisht t\u00eb m\u00ebdha ose n\u00eb sasi jasht\u00ebzakonisht t\u00eb m\u00ebdha<br \/>\n\u2022 Artikuj q\u00eb lidhen me p\u00ebrdorimin n\u00eb loj\u00ebrat e fatit, prostitucionin, kontraband\u00ebn ose akte t\u00eb tjera t\u00eb paligjshme<br \/>\n\u2022 Droga t\u00eb paligjshme ose sende t\u00eb tjera, posedimi i t\u00eb cilave \u00ebsht\u00eb i ndaluar nga ligjet e Shqip\u00ebris\u00eb<\/p>\n<p>Hoteli rezervon t\u00eb drejt\u00ebn t'i refuzoj\u00eb hyrjen \u00e7do personi q\u00eb gjendet n\u00eb posedim t\u00eb sendeve t\u00eb ndaluara. Vizitor\u00ebt jan\u00eb t\u00ebr\u00ebsisht p\u00ebrgjegj\u00ebs p\u00ebr t\u00eb gjitha humbjet financiare ose t\u00eb tjera, si dhe d\u00ebmet q\u00eb mund t\u00eb shkaktohen nga sende t\u00eb tilla.<\/p>\n<p><strong>POLITIKAT E SH\u00cbNDETIT DHE MIR\u00cbQENIES:<\/strong><\/p>\n<p>Zhurm\u00eb dhe festa t\u00eb tep\u00ebrta:<br \/>\nP\u00ebr t\u00eb siguruar q\u00eb t\u00eb gjith\u00eb mysafir\u00ebt t\u00eb g\u00ebzojn\u00eb rehatin\u00eb dhe sigurin\u00eb e ambienteve q\u00eb ofrojm\u00eb, Hoteli zbaton nj\u00eb politik\u00eb t\u00eb rrept\u00eb zero tolerance ndaj rr\u00ebmuj\u00ebs, zhurm\u00ebs s\u00eb tep\u00ebrt dhe festave. \u00c7do person q\u00eb gjendet n\u00eb ambientet tona duke krijuar zhurm\u00eb t\u00eb tep\u00ebrt, duke organizuar nj\u00eb fest\u00eb, duke tejkaluar numrin e mysafir\u00ebve t\u00eb lejuar ose duke shkaktuar shqet\u00ebsim n\u00eb ndonj\u00eb m\u00ebnyr\u00eb tjet\u00ebr, do t'i k\u00ebrkohet t\u00eb largohet nga hoteli pa rimbursim.<\/p>\n<p>Sjellje e pap\u00ebrshtatshme:<br \/>\nN\u00ebse ndonj\u00eb veprim i nj\u00eb mysafiri, qoft\u00eb ndaj stafit ton\u00eb apo ndryshe, konsiderohet i pap\u00ebrshtatsh\u00ebm nga Hoteli, ose n\u00ebse vihet n\u00eb dukje ndonj\u00eb sjellje e pap\u00ebrshtatshme, Hoteli rezervon t\u00eb drejt\u00ebn, pasi t\u00eb jen\u00eb hetuar akuzat, t\u00eb nd\u00ebrmarr\u00eb veprime kund\u00ebr mysafirit, t\u00eb cilat mund t\u00eb rezultojn\u00eb n\u00eb, por pa u kufizuar n\u00eb, k\u00ebrkes\u00ebn p\u00ebr t'u larguar pa rimbursim p\u00ebr \u00e7do sh\u00ebrbim t\u00eb kryer.<\/p>\n<p>Pirja e duhanit:<br \/>\nHoteli ka vet\u00ebm dhoma p\u00ebr jo-duhanpir\u00ebs. Pirja e duhanit lejohet vet\u00ebm n\u00eb zonat e caktuara t\u00eb hotelit, si dhe n\u00eb ballkone ose tarraca. Do t\u00eb ket\u00eb nj\u00eb tarif\u00eb prej 100 eurosh p\u00ebr sh\u00ebrbimet e pastrimit t\u00eb plot\u00eb q\u00eb do t'i ngarkohen \u00e7do dhome jo-duhanpir\u00ebse ku \u00ebsht\u00eb pir\u00eb duhan p\u00ebr ta rikthyer at\u00eb n\u00eb gjendjen e saj origjinale.<br \/>\n<strong>POLITIKAT E PAGES\u00cbS:<\/strong><\/p>\n<p>Valuta dhe taksat:<br \/>\n\u00c7mimet jan\u00eb n\u00eb euro dhe p\u00ebrfshijn\u00eb: 6% TVSH dhe taksat e vizitor\u00ebve.<\/p>\n<p>Para-autorizimi i kart\u00ebs s\u00eb kreditit:<br \/>\nN\u00ebse p\u00ebrdorni kart\u00ebn tuaj t\u00eb kreditit p\u00ebr t\u00eb garantuar rezervimin e dhom\u00ebs, Hoteli do t\u00eb mbaj\u00eb shum\u00ebn totale n\u00eb kart\u00ebn tuaj t\u00eb kreditit para mb\u00ebrritjes.<\/p>\n<p>Tarifat e dhom\u00ebs:<br \/>\nP\u00ebr rezervimet direkt n\u00eb recepsion, pagesa totale duhet t\u00eb b\u00ebhet gjat\u00eb koh\u00ebs s\u00eb regjistrimit p\u00ebr t\u00eb gjith\u00eb periudh\u00ebn. N\u00eb \u00e7do rast anulimi ose largimi para dat\u00ebs s\u00eb regjistrimit, nuk do t\u00eb b\u00ebhet rimbursim.<\/p>\n<p>P\u00ebr rezervimet e b\u00ebra me email ose num\u00ebr telefoni\/celulari, shuma totale e rezervimit do t\u00eb ngarkohet p\u00ebrmes formularit t\u00eb autorizimit t\u00eb kart\u00ebs s\u00eb kreditit. Nuk do t\u00eb b\u00ebhet rimbursim n\u00ebse rezervimi juaj anulohet.<\/p>\n<p>Tarifa t\u00eb rast\u00ebsishme:<br \/>\nP\u00ebr t\u00eb gjitha rezervimet, Hoteli k\u00ebrkon nj\u00eb depozit\u00eb prej 50 eurosh p\u00ebr shpenzime t\u00eb rast\u00ebsishme gjat\u00eb regjistrimit. Pas kontrollit t\u00eb dhom\u00ebs gjat\u00eb largimit, n\u00ebse gjith\u00e7ka \u00ebsht\u00eb n\u00eb rregull, hoteli duhet t'ia kthej\u00eb depozit\u00ebn klientit.<\/p>\n<p>\u00ac BURIMET E REZERVIMEVE NGA T\u00cb TRET\u00cb:<\/p>\n<p>N\u00eb rast anulimi ose modifikimesh t\u00eb rezervimeve t\u00eb b\u00ebra p\u00ebrmes burimeve t\u00eb tjera p\u00ebrve\u00e7 atyre direkt me Hotelin ose faqen e internetit t\u00eb Hotelit, Hoteli rekomandon q\u00eb klient\u00ebt t\u00eb kontaktojn\u00eb s\u00eb pari burimin e rezervimit p\u00ebr ndihm\u00eb p\u00ebrpara se t\u00eb kontaktojn\u00eb stafin e Hotelit.<\/p>\n<p><strong>T\u00cb DREJTAT SI MYSAFIR I HOTELI:<\/strong><\/p>\n<p>\u2022 HOTELI \u00ebsht\u00eb p\u00ebrgjegj\u00ebs p\u00ebr t\u00eb siguruar nj\u00eb dhom\u00eb n\u00eb gjendje t\u00eb mir\u00eb p\u00ebr p\u00ebrdorim. Kjo p\u00ebrfshin ambiente sanitare, ventilim t\u00eb p\u00ebrshtatsh\u00ebm t\u00eb ajrit t\u00eb kondicionuar, munges\u00eb insektesh dhe d\u00ebmtuesish t\u00eb tjer\u00eb, si dhe baza t\u00eb tjera t\u00eb ngjashme.<br \/>\n\u2022 N\u00eb rast t\u00eb ndonj\u00eb problemi, HOTELI mund t'ju rekomandoj\u00eb nj\u00eb ndryshim akomodimi p\u00ebr net\u00ebt e mbetura t\u00eb q\u00ebndrimit tuaj, n\u00eb nj\u00eb akomodim q\u00eb \u00ebsht\u00eb i krahasuesh\u00ebm me akomodimin e zgjedhjes suaj fillestare n\u00eb madh\u00ebsi, karakteristika, cil\u00ebsi.<br \/>\n\u2022 Vizitor\u00ebve mund t'u rimbursohet shuma e paguar, n\u00ebse natyra e problemit i p\u00ebrket HOTELIT.<\/p>\n<p>Kjo \u00ebsht\u00eb nj\u00eb list\u00eb jo e plot\u00eb e politikave t\u00eb p\u00ebrgjithshme t\u00eb mb\u00ebshtetura nga Prestige Resort. N\u00ebse keni nevoj\u00eb p\u00ebr ndonj\u00eb sqarim mbi kushtet q\u00eb nuk jan\u00eb p\u00ebrmendur k\u00ebtu, ju lutemi na kontaktoni direkt.<br \/>\nHoteli rezervon t\u00eb drejt\u00ebn p\u00ebr t\u00eb shtuar, ndryshuar ose ndryshuar cilindo nga termat, kushtet dhe rregullat e m\u00ebsip\u00ebrme, sipas nevoj\u00ebs.<\/p>\n<p>&nbsp;<\/p>","protected":false},"excerpt":{"rendered":"<p>GENERAL TERMS AND CONDITIONS RESERVATIONS POLICIES: Children: The Hotel allows a child up to 6 years of age to stay for free using the existing bedding. Baby cribs are complimentary upon request and subject to availability. Individuals above the age of 12 are considered as adults by the Hotel. Extra bedding: For double rooms with [&hellip;]<\/p>\n","protected":false},"author":1,"featured_media":0,"parent":0,"menu_order":0,"comment_status":"closed","ping_status":"closed","template":"template-policies.php","meta":{"_acf_changed":false,"footnotes":""},"class_list":["post-130","page","type-page","status-publish","hentry"],"acf":[],"_links":{"self":[{"href":"https:\/\/www.prestigeresort.al\/sq\/wp-json\/wp\/v2\/pages\/130","targetHints":{"allow":["GET"]}}],"collection":[{"href":"https:\/\/www.prestigeresort.al\/sq\/wp-json\/wp\/v2\/pages"}],"about":[{"href":"https:\/\/www.prestigeresort.al\/sq\/wp-json\/wp\/v2\/types\/page"}],"author":[{"embeddable":true,"href":"https:\/\/www.prestigeresort.al\/sq\/wp-json\/wp\/v2\/users\/1"}],"replies":[{"embeddable":true,"href":"https:\/\/www.prestigeresort.al\/sq\/wp-json\/wp\/v2\/comments?post=130"}],"version-history":[{"count":0,"href":"https:\/\/www.prestigeresort.al\/sq\/wp-json\/wp\/v2\/pages\/130\/revisions"}],"wp:attachment":[{"href":"https:\/\/www.prestigeresort.al\/sq\/wp-json\/wp\/v2\/media?parent=130"}],"curies":[{"name":"wp","href":"https:\/\/api.w.org\/{rel}","templated":true}]}}