{"id":132,"date":"2026-03-03T11:24:32","date_gmt":"2026-03-03T11:24:32","guid":{"rendered":"https:\/\/www.prestigeresort.al\/?page_id=132"},"modified":"2026-03-03T11:35:26","modified_gmt":"2026-03-03T11:35:26","slug":"cancellations-and-payments","status":"publish","type":"page","link":"https:\/\/www.prestigeresort.al\/sq\/policies\/cancellations-and-payments\/","title":{"rendered":"Anulimet &amp; Pagesat"},"content":{"rendered":"<p><strong>POLITIKA T\u00cb ANULIMEVE DHE PAGESAVE P\u00cbR GRUPIN DHE AGJENCIT\u00cb<\/strong><\/p>\n<p><strong>POLITIKA E ANULIMIT:<\/strong><\/p>\n<p>P\u00ebr anulimet 60 dit\u00eb para mb\u00ebrritjes do t\u00eb ngarkohet vet\u00ebm 20% e shum\u00ebs totale t\u00eb rezervimit.<br \/>\nP\u00ebr anulimet 59-17 dit\u00eb para mb\u00ebrritjes do t\u00eb ngarkohet 50% e shum\u00ebs totale t\u00eb rezervimit.<br \/>\nP\u00ebr anulimet 15-1 dit\u00eb para mb\u00ebrritjes do t\u00eb ngarkohet 100% e shum\u00ebs totale t\u00eb rezervimit.<br \/>\nNo-shows, will be charged 100 % of the total reservation amount.<\/p>\n<p><strong>POLITIKA E PAGESAVE:<\/strong><\/p>\n<p>20% e shum\u00ebs totale t\u00eb rezervimit duhet t\u00eb paguhet n\u00eb momentin e konfirmimit t\u00eb rezervimit.<br \/>\n30% e shum\u00ebs totale t\u00eb rezervimit duhet t\u00eb paguhet 60 dit\u00eb para dat\u00ebs s\u00eb mb\u00ebrritjes.<br \/>\n50% e shum\u00ebs totale t\u00eb rezervimit duhet t\u00eb paguhet 16 dit\u00eb para dat\u00ebs s\u00eb mb\u00ebrritjes.<\/p>","protected":false},"excerpt":{"rendered":"<p>CANCELLATIONS AND PAYMENTS POLICIES FOR GROUP &amp; AGENCIES CANCELLATIONS POLICY: For cancellations 60 days prior to arrival will be charged only 20 % of the total reservation amount. For cancellations between 59-17 days prior to arrival will be charged 50 % of the total reservation amount. For cancellations between 15-1 days prior to arrival will [&hellip;]<\/p>\n","protected":false},"author":1,"featured_media":0,"parent":130,"menu_order":0,"comment_status":"closed","ping_status":"closed","template":"template-policies.php","meta":{"_acf_changed":false,"footnotes":""},"class_list":["post-132","page","type-page","status-publish","hentry"],"acf":[],"_links":{"self":[{"href":"https:\/\/www.prestigeresort.al\/sq\/wp-json\/wp\/v2\/pages\/132","targetHints":{"allow":["GET"]}}],"collection":[{"href":"https:\/\/www.prestigeresort.al\/sq\/wp-json\/wp\/v2\/pages"}],"about":[{"href":"https:\/\/www.prestigeresort.al\/sq\/wp-json\/wp\/v2\/types\/page"}],"author":[{"embeddable":true,"href":"https:\/\/www.prestigeresort.al\/sq\/wp-json\/wp\/v2\/users\/1"}],"replies":[{"embeddable":true,"href":"https:\/\/www.prestigeresort.al\/sq\/wp-json\/wp\/v2\/comments?post=132"}],"version-history":[{"count":0,"href":"https:\/\/www.prestigeresort.al\/sq\/wp-json\/wp\/v2\/pages\/132\/revisions"}],"up":[{"embeddable":true,"href":"https:\/\/www.prestigeresort.al\/sq\/wp-json\/wp\/v2\/pages\/130"}],"wp:attachment":[{"href":"https:\/\/www.prestigeresort.al\/sq\/wp-json\/wp\/v2\/media?parent=132"}],"curies":[{"name":"wp","href":"https:\/\/api.w.org\/{rel}","templated":true}]}}